{"id":2941,"date":"2023-07-13T17:24:00","date_gmt":"2023-07-13T09:24:00","guid":{"rendered":"https:\/\/wmxray.com\/?page_id=2941"},"modified":"2023-07-13T17:57:52","modified_gmt":"2023-07-13T09:57:52","slug":"intelligent-storage","status":"publish","type":"page","link":"https:\/\/wmxray.com\/vi\/product\/intelligent-storage\/","title":{"rendered":"L\u01b0u tr\u1eef th\u00f4ng minh"},"content":{"rendered":"<div class=\"fusion-fullwidth fullwidth-box fusion-builder-row-1 fusion-flex-container has-pattern-background has-mask-background nonhundred-percent-fullwidth non-hundred-percent-height-scrolling\" style=\"--awb-border-radius-top-left:0px;--awb-border-radius-top-right:0px;--awb-border-radius-bottom-right:0px;--awb-border-radius-bottom-left:0px;--awb-flex-wrap:wrap;\" ><div class=\"fusion-builder-row fusion-row fusion-flex-align-items-flex-start fusion-flex-content-wrap\" style=\"max-width:1144px;margin-left: calc(-4% \/ 2 );margin-right: calc(-4% \/ 2 );\"><div class=\"fusion-layout-column fusion_builder_column fusion-builder-column-0 fusion_builder_column_1_1 1_1 fusion-flex-column\" style=\"--awb-bg-size:cover;--awb-width-large:100%;--awb-margin-top-large:0px;--awb-spacing-right-large:1.92%;--awb-margin-bottom-large:20px;--awb-spacing-left-large:1.92%;--awb-width-medium:100%;--awb-order-medium:0;--awb-spacing-right-medium:1.92%;--awb-spacing-left-medium:1.92%;--awb-width-small:100%;--awb-order-small:0;--awb-spacing-right-small:1.92%;--awb-spacing-left-small:1.92%;\"><div class=\"fusion-column-wrapper fusion-column-has-shadow fusion-flex-justify-content-flex-start fusion-content-layout-column\"><style type=\"text\/css\">.fusion-portfolio-wrapper#fusion-portfolio-1 .fusion-portfolio-content{  text-align: center; }<\/style><div class=\"fusion-recent-works fusion-portfolio-element fusion-portfolio fusion-portfolio-1 fusion-portfolio-grid fusion-portfolio-paging-pagination fusion-portfolio-three fusion-portfolio-unboxed fusion-portfolio-text fusion-portfolio-equal-heights fusion-portfolio-rollover\" data-id=\"-rw-1\" data-columns=\"three\"><div><ul class=\"fusion-filters\" role=\"menu\" aria-label=\"Portfolio Filters\"><li role=\"presentation\" class=\"fusion-filter fusion-hidden fusion-active\"><a href=\"#\" data-filter=\".iintelligent-storage\" role=\"menuitem\">L\u01b0u tr\u1eef th\u00f4ng minh<\/a><\/li><\/ul><\/div><style type=\"text\/css\">.fusion-portfolio-1 .fusion-portfolio-wrapper .fusion-col-spacing{padding:10px;}<\/style><div class=\"fusion-portfolio-wrapper\" id=\"fusion-portfolio-1\" data-picturesize=\"auto\" data-pages=\"1\" style=\"margin:-10px;\"><article id=\"portfolio-1-post-2872\" class=\"fusion-portfolio-post iintelligent-storage fusion-col-spacing post-2872\"><div class=\"fusion-portfolio-content-wrapper\" style=\"border:none;\"><span class=\"vcard rich-snippet-hidden\"><span class=\"fn\"><a href=\"https:\/\/wmxray.com\/vi\/author\/wellman\/\" title=\"\u0110\u0103ng b\u1edfi wellman\" rel=\"author\">ng\u01b0\u1eddi \u0111\u00e0n \u00f4ng t\u1ed1t<\/a><\/span><\/span><span class=\"updated rich-snippet-hidden\">2023-12-07T13:50:15+08:00<\/span><div  class=\"fusion-image-wrapper\" aria-haspopup=\"true\">\n\t\t\t\t<img decoding=\"async\" width=\"800\" height=\"800\" src=\"https:\/\/wmxray.com\/wp-content\/uploads\/2023\/07\/\u5fae\u4fe1\u56fe\u7247_202307130909571.jpg\" class=\"attachment-full size-full wp-post-image\" alt=\"Smart SMD Tower SMD-T details\" srcset=\"https:\/\/wmxray.com\/wp-content\/uploads\/2023\/07\/\u5fae\u4fe1\u56fe\u7247_202307130909571-200x200.jpg 200w, https:\/\/wmxray.com\/wp-content\/uploads\/2023\/07\/\u5fae\u4fe1\u56fe\u7247_202307130909571-400x400.jpg 400w, https:\/\/wmxray.com\/wp-content\/uploads\/2023\/07\/\u5fae\u4fe1\u56fe\u7247_202307130909571-600x600.jpg 600w, https:\/\/wmxray.com\/wp-content\/uploads\/2023\/07\/\u5fae\u4fe1\u56fe\u7247_202307130909571.jpg 800w\" sizes=\"(min-width: 2200px) 100vw, (min-width: 784px) 353px, (min-width: 712px) 530px, (min-width: 640px) 712px, \" \/><div class=\"fusion-rollover\">\n\t<div class=\"fusion-rollover-content\">\n\n\t\t\t\t\t\t\t\t\t\t\t\t\t\t<a class=\"fusion-rollover-link\" href=\"https:\/\/wmxray.com\/vi\/product-view\/smart-smd-tower-smd-t\/?portfolioCats=21\" target=\"_blank\">Th\u00e1p SMD th\u00f4ng minh SMD-T<\/a>\n\t\t\t\n\t\t\t\t\t\t\t\t\t\t\t\t\t\t\n\t\t\t\t\t\t\t\t\n\t\t\t\t\t\t\t\t\t\t\t\t\t<div class=\"fusion-rollover-sep\"><\/div>\n\t\t\t\t\n\t\t\t\t\t\t\t\t\t\t\t\t\t\t\t\t\t\t<a class=\"fusion-rollover-gallery\" href=\"https:\/\/wmxray.com\/wp-content\/uploads\/2023\/07\/\u5fae\u4fe1\u56fe\u7247_202307130909571.jpg\" data-options=\"\" data-id=\"2872\" data-rel=\"iLightbox[gallery-rw-1]\" data-title=\"Smart SMD Tower SMD-T details\" data-caption=\"Smart SMD Tower SMD-T details\">\n\t\t\t\t\t\tGallery\t\t\t\t\t<\/a>\n\t\t\t\t\t\t\t\t\t\t\t\t\t\t\n\t\t\n\t\t\t\t\t\t\t\t\t\t\t\t<h4 class=\"fusion-rollover-title\">\n\t\t\t\t\t<a class=\"fusion-rollover-title-link\" href=\"https:\/\/wmxray.com\/vi\/product-view\/smart-smd-tower-smd-t\/?portfolioCats=21\" target=\"_blank\">\n\t\t\t\t\t\tTh\u00e1p SMD th\u00f4ng minh SMD-T\t\t\t\t\t<\/a>\n\t\t\t\t<\/h4>\n\t\t\t\n\t\t\t\t\t\t\t\t\t\t<div class=\"fusion-rollover-categories\"><a href=\"https:\/\/wmxray.com\/vi\/portfolio_category\/iintelligent-storage\/\" rel=\"tag\">L\u01b0u tr\u1eef th\u00f4ng minh<\/a><\/div>\t\t\t\t\t\n\t\t\n\t\t\t\t\t\t<a class=\"fusion-link-wrapper\" href=\"https:\/\/wmxray.com\/vi\/product-view\/smart-smd-tower-smd-t\/?portfolioCats=21\" target=\"_blank\" aria-label=\"Th\u00e1p SMD th\u00f4ng minh SMD-T\"><\/a>\n\t<\/div>\n<\/div>\n<\/div>\n<div class=\"fusion-portfolio-content\"><h2 class=\"entry-title fusion-post-title\"><a href=\"https:\/\/wmxray.com\/vi\/product-view\/smart-smd-tower-smd-t\/?portfolioCats=21\" target=\"_blank\" rel=\"noopener noreferrer\">Th\u00e1p SMD th\u00f4ng minh SMD-T<\/a><\/h2><div class=\"fusion-post-content\"><\/div><\/div><\/div><\/article><\/div><\/div><\/div><\/div><\/div><\/div>","protected":false},"excerpt":{"rendered":"","protected":false},"author":1,"featured_media":0,"parent":1265,"menu_order":0,"comment_status":"closed","ping_status":"closed","template":"","meta":{"footnotes":""},"class_list":["post-2941","page","type-page","status-publish","hentry"],"yoast_head":"<!-- This site is optimized with the Yoast SEO plugin v26.6 - https:\/\/yoast.com\/wordpress\/plugins\/seo\/ -->\n<title>Intelligent storage - Wellman X-Ray<\/title>\n<meta name=\"robots\" content=\"index, follow, max-snippet:-1, max-image-preview:large, max-video-preview:-1\" \/>\n<link rel=\"canonical\" href=\"https:\/\/wmxray.com\/vi\/product\/intelligent-storage\/\" \/>\n<meta property=\"og:locale\" content=\"vi_VN\" \/>\n<meta property=\"og:type\" content=\"article\" \/>\n<meta property=\"og:title\" content=\"Intelligent storage - Wellman X-Ray\" \/>\n<meta property=\"og:url\" content=\"https:\/\/wmxray.com\/vi\/product\/intelligent-storage\/\" \/>\n<meta property=\"og:site_name\" content=\"Wellman X-Ray\" \/>\n<meta property=\"article:modified_time\" content=\"2023-07-13T09:57:52+00:00\" \/>\n<meta name=\"twitter:card\" content=\"summary_large_image\" \/>\n<meta name=\"twitter:label1\" content=\"\u01af\u1edbc t\u00ednh th\u1eddi gian \u0111\u1ecdc\" \/>\n\t<meta name=\"twitter:data1\" content=\"1 ph\u00fat\" \/>\n<script type=\"application\/ld+json\" class=\"yoast-schema-graph\">{\"@context\":\"https:\/\/schema.org\",\"@graph\":[{\"@type\":\"WebPage\",\"@id\":\"https:\/\/wmxray.com\/product\/intelligent-storage\/\",\"url\":\"https:\/\/wmxray.com\/product\/intelligent-storage\/\",\"name\":\"Intelligent storage - Wellman X-Ray\",\"isPartOf\":{\"@id\":\"https:\/\/wmxray.com\/#website\"},\"datePublished\":\"2023-07-13T09:24:00+00:00\",\"dateModified\":\"2023-07-13T09:57:52+00:00\",\"breadcrumb\":{\"@id\":\"https:\/\/wmxray.com\/product\/intelligent-storage\/#breadcrumb\"},\"inLanguage\":\"vi\",\"potentialAction\":[{\"@type\":\"ReadAction\",\"target\":[\"https:\/\/wmxray.com\/product\/intelligent-storage\/\"]}]},{\"@type\":\"BreadcrumbList\",\"@id\":\"https:\/\/wmxray.com\/product\/intelligent-storage\/#breadcrumb\",\"itemListElement\":[{\"@type\":\"ListItem\",\"position\":1,\"name\":\"\u9996\u9875\",\"item\":\"https:\/\/wmxray.com\/\"},{\"@type\":\"ListItem\",\"position\":2,\"name\":\"Product\",\"item\":\"https:\/\/wmxray.com\/product\/\"},{\"@type\":\"ListItem\",\"position\":3,\"name\":\"Intelligent storage\"}]},{\"@type\":\"WebSite\",\"@id\":\"https:\/\/wmxray.com\/#website\",\"url\":\"https:\/\/wmxray.com\/\",\"name\":\"Wellman X-Ray\",\"description\":\"Professional X-Ray Solution Provider\",\"publisher\":{\"@id\":\"https:\/\/wmxray.com\/#organization\"},\"potentialAction\":[{\"@type\":\"SearchAction\",\"target\":{\"@type\":\"EntryPoint\",\"urlTemplate\":\"https:\/\/wmxray.com\/?s={search_term_string}\"},\"query-input\":{\"@type\":\"PropertyValueSpecification\",\"valueRequired\":true,\"valueName\":\"search_term_string\"}}],\"inLanguage\":\"vi\"},{\"@type\":\"Organization\",\"@id\":\"https:\/\/wmxray.com\/#organization\",\"name\":\"Shenzhen Weiming Photoelectricity Co., Ltd\",\"url\":\"https:\/\/wmxray.com\/\",\"logo\":{\"@type\":\"ImageObject\",\"inLanguage\":\"vi\",\"@id\":\"https:\/\/wmxray.com\/#\/schema\/logo\/image\/\",\"url\":\"https:\/\/wmxray.com\/wp-content\/uploads\/2020\/03\/Logo1.png\",\"contentUrl\":\"https:\/\/wmxray.com\/wp-content\/uploads\/2020\/03\/Logo1.png\",\"width\":278,\"height\":84,\"caption\":\"Shenzhen Weiming Photoelectricity Co., Ltd\"},\"image\":{\"@id\":\"https:\/\/wmxray.com\/#\/schema\/logo\/image\/\"},\"sameAs\":[\"https:\/\/www.linkedin.com\/company\/wmxray\",\"https:\/\/www.youtube.com\/channel\/UCCrB2m9YhMUdL_Bxuvz_GaA\"]}]}<\/script>\n<!-- \/ Yoast SEO plugin. -->","yoast_head_json":{"title":"Intelligent storage - Wellman X-Ray","robots":{"index":"index","follow":"follow","max-snippet":"max-snippet:-1","max-image-preview":"max-image-preview:large","max-video-preview":"max-video-preview:-1"},"canonical":"https:\/\/wmxray.com\/vi\/product\/intelligent-storage\/","og_locale":"vi_VN","og_type":"article","og_title":"Intelligent storage - Wellman X-Ray","og_url":"https:\/\/wmxray.com\/vi\/product\/intelligent-storage\/","og_site_name":"Wellman X-Ray","article_modified_time":"2023-07-13T09:57:52+00:00","twitter_card":"summary_large_image","twitter_misc":{"\u01af\u1edbc t\u00ednh th\u1eddi gian \u0111\u1ecdc":"1 ph\u00fat"},"schema":{"@context":"https:\/\/schema.org","@graph":[{"@type":"WebPage","@id":"https:\/\/wmxray.com\/product\/intelligent-storage\/","url":"https:\/\/wmxray.com\/product\/intelligent-storage\/","name":"Intelligent storage - Wellman X-Ray","isPartOf":{"@id":"https:\/\/wmxray.com\/#website"},"datePublished":"2023-07-13T09:24:00+00:00","dateModified":"2023-07-13T09:57:52+00:00","breadcrumb":{"@id":"https:\/\/wmxray.com\/product\/intelligent-storage\/#breadcrumb"},"inLanguage":"vi","potentialAction":[{"@type":"ReadAction","target":["https:\/\/wmxray.com\/product\/intelligent-storage\/"]}]},{"@type":"BreadcrumbList","@id":"https:\/\/wmxray.com\/product\/intelligent-storage\/#breadcrumb","itemListElement":[{"@type":"ListItem","position":1,"name":"\u9996\u9875","item":"https:\/\/wmxray.com\/"},{"@type":"ListItem","position":2,"name":"Product","item":"https:\/\/wmxray.com\/product\/"},{"@type":"ListItem","position":3,"name":"Intelligent storage"}]},{"@type":"WebSite","@id":"https:\/\/wmxray.com\/#website","url":"https:\/\/wmxray.com\/","name":"Wellman X-Ray","description":"Professional X-Ray Solution Provider","publisher":{"@id":"https:\/\/wmxray.com\/#organization"},"potentialAction":[{"@type":"SearchAction","target":{"@type":"EntryPoint","urlTemplate":"https:\/\/wmxray.com\/?s={search_term_string}"},"query-input":{"@type":"PropertyValueSpecification","valueRequired":true,"valueName":"search_term_string"}}],"inLanguage":"vi"},{"@type":"Organization","@id":"https:\/\/wmxray.com\/#organization","name":"Shenzhen Weiming Photoelectricity Co., Ltd","url":"https:\/\/wmxray.com\/","logo":{"@type":"ImageObject","inLanguage":"vi","@id":"https:\/\/wmxray.com\/#\/schema\/logo\/image\/","url":"https:\/\/wmxray.com\/wp-content\/uploads\/2020\/03\/Logo1.png","contentUrl":"https:\/\/wmxray.com\/wp-content\/uploads\/2020\/03\/Logo1.png","width":278,"height":84,"caption":"Shenzhen Weiming Photoelectricity Co., Ltd"},"image":{"@id":"https:\/\/wmxray.com\/#\/schema\/logo\/image\/"},"sameAs":["https:\/\/www.linkedin.com\/company\/wmxray","https:\/\/www.youtube.com\/channel\/UCCrB2m9YhMUdL_Bxuvz_GaA"]}]}},"_links":{"self":[{"href":"https:\/\/wmxray.com\/vi\/wp-json\/wp\/v2\/pages\/2941","targetHints":{"allow":["GET"]}}],"collection":[{"href":"https:\/\/wmxray.com\/vi\/wp-json\/wp\/v2\/pages"}],"about":[{"href":"https:\/\/wmxray.com\/vi\/wp-json\/wp\/v2\/types\/page"}],"author":[{"embeddable":true,"href":"https:\/\/wmxray.com\/vi\/wp-json\/wp\/v2\/users\/1"}],"replies":[{"embeddable":true,"href":"https:\/\/wmxray.com\/vi\/wp-json\/wp\/v2\/comments?post=2941"}],"version-history":[{"count":6,"href":"https:\/\/wmxray.com\/vi\/wp-json\/wp\/v2\/pages\/2941\/revisions"}],"predecessor-version":[{"id":2953,"href":"https:\/\/wmxray.com\/vi\/wp-json\/wp\/v2\/pages\/2941\/revisions\/2953"}],"up":[{"embeddable":true,"href":"https:\/\/wmxray.com\/vi\/wp-json\/wp\/v2\/pages\/1265"}],"wp:attachment":[{"href":"https:\/\/wmxray.com\/vi\/wp-json\/wp\/v2\/media?parent=2941"}],"curies":[{"name":"wp","href":"https:\/\/api.w.org\/{rel}","templated":true}]}}