{"id":2541,"date":"2020-08-03T12:23:19","date_gmt":"2020-08-03T04:23:19","guid":{"rendered":"http:\/\/www.wmxray.com\/?page_id=2541"},"modified":"2020-08-03T12:23:19","modified_gmt":"2020-08-03T04:23:19","slug":"expo","status":"publish","type":"page","link":"https:\/\/wmxray.com\/vi\/about\/expo\/","title":{"rendered":"Tri\u1ec3n l\u00e3m"},"content":{"rendered":"<div class=\"fusion-fullwidth fullwidth-box fusion-builder-row-1 fusion-flex-container nonhundred-percent-fullwidth non-hundred-percent-height-scrolling\" style=\"--awb-border-radius-top-left:0px;--awb-border-radius-top-right:0px;--awb-border-radius-bottom-right:0px;--awb-border-radius-bottom-left:0px;--awb-flex-wrap:wrap;\" ><div class=\"fusion-builder-row fusion-row fusion-flex-align-items-flex-start fusion-flex-content-wrap\" style=\"max-width:1144px;margin-left: calc(-4% \/ 2 );margin-right: calc(-4% \/ 2 );\"><div class=\"fusion-layout-column fusion_builder_column fusion-builder-column-0 fusion_builder_column_1_1 1_1 fusion-flex-column\" style=\"--awb-bg-size:cover;--awb-width-large:100%;--awb-margin-top-large:0px;--awb-spacing-right-large:1.92%;--awb-margin-bottom-large:20px;--awb-spacing-left-large:1.92%;--awb-width-medium:100%;--awb-order-medium:0;--awb-spacing-right-medium:1.92%;--awb-spacing-left-medium:1.92%;--awb-width-small:100%;--awb-order-small:0;--awb-spacing-right-small:1.92%;--awb-spacing-left-small:1.92%;\"><div class=\"fusion-column-wrapper fusion-column-has-shadow fusion-flex-justify-content-flex-start fusion-content-layout-column\"><div class=\"fusion-blog-shortcode fusion-blog-shortcode-1 fusion-blog-archive fusion-blog-layout-medium-alternate fusion-blog-pagination\"><div class=\"fusion-posts-container fusion-posts-container-pagination fusion-blog-rollover\" data-pages=\"1\"><article id=\"blog-1-post-3406\" class=\"fusion-post-medium-alternate post-3406 post type-post status-publish format-standard has-post-thumbnail hentry category-expo\">\n<div class=\"fusion-date-and-formats\"><div class=\"fusion-date-box updated\"><span class=\"fusion-date\">11<\/span><span class=\"fusion-month-year\">03, 2024<\/span><\/div><div class=\"fusion-format-box\"><i class=\"awb-icon-pen\" aria-hidden=\"true\"><\/i><\/div><\/div>\t<style type=\"text\/css\">\n\t\t\n\t\t\n\t\t\n\t\t\n\t\t\t<\/style>\n\n\n\t\t\t<div class=\"fusion-flexslider flexslider fusion-flexslider-loading fusion-post-slideshow\" style=\"\">\n\t\t<ul class=\"slides\">\n\t\t\t\n\t\t\t\t\t\t\t\t\t\t\t\t\t\t<li><div  class=\"fusion-image-wrapper fusion-image-size-fixed\" aria-haspopup=\"true\">\n\t\t\t\t<img decoding=\"async\" width=\"320\" height=\"202\" src=\"https:\/\/wmxray.com\/wp-content\/uploads\/2024\/03\/\u5fae\u4fe1\u56fe\u7247_20240311103805-320x202.jpg\" class=\"attachment-blog-medium size-blog-medium wp-post-image\" alt=\"productronica\" srcset=\"https:\/\/wmxray.com\/wp-content\/uploads\/2024\/03\/\u5fae\u4fe1\u56fe\u7247_20240311103805-320x202.jpg 320w, https:\/\/wmxray.com\/wp-content\/uploads\/2024\/03\/\u5fae\u4fe1\u56fe\u7247_20240311103805-700x441.jpg 700w\" sizes=\"(max-width: 320px) 100vw, 320px\" \/><div class=\"fusion-rollover\">\n\t<div class=\"fusion-rollover-content\">\n\n\t\t\t\t\t\t\t\t\t\t\t\t\t\t<a class=\"fusion-rollover-link\" href=\"https:\/\/wmxray.com\/vi\/visit-wellman-x-ray-at-productronica-in-shanghai\/\">Visit Wellman X-ray at productronica in Shanghai<\/a>\n\t\t\t\n\t\t\t\t\t\t\t\t\t\t\t\t\t\t\n\t\t\t\t\t\t\t\t\n\t\t\t\t\t\t\t\t\t\t\t\t\t<div class=\"fusion-rollover-sep\"><\/div>\n\t\t\t\t\n\t\t\t\t\t\t\t\t\t\t\t\t\t\t\t\t\t\t<a class=\"fusion-rollover-gallery\" href=\"https:\/\/wmxray.com\/wp-content\/uploads\/2024\/03\/\u5fae\u4fe1\u56fe\u7247_20240311103805.jpg\" data-options=\"\" data-id=\"3406\" data-rel=\"iLightbox[gallery]\" data-title=\"productronica\" data-caption=\"productronica\">\n\t\t\t\t\t\tGallery\t\t\t\t\t<\/a>\n\t\t\t\t\t\t\t\t\t\t\t\t\t\t\n\t\t\n\t\t\t\t\t\t\t\t\t\t\t\t<h4 class=\"fusion-rollover-title\">\n\t\t\t\t\t<a class=\"fusion-rollover-title-link\" href=\"https:\/\/wmxray.com\/vi\/visit-wellman-x-ray-at-productronica-in-shanghai\/\">\n\t\t\t\t\t\tVisit Wellman X-ray at productronica in Shanghai\t\t\t\t\t<\/a>\n\t\t\t\t<\/h4>\n\t\t\t\n\t\t\t\t\t\t\t\t\t\t<div class=\"fusion-rollover-categories\"><a href=\"https:\/\/wmxray.com\/vi\/category\/expo\/\" rel=\"tag\">Tri\u1ec3n l\u00e3m<\/a><\/div>\t\t\t\t\t\n\t\t\n\t\t\t\t\t\t<a class=\"fusion-link-wrapper\" href=\"https:\/\/wmxray.com\/vi\/visit-wellman-x-ray-at-productronica-in-shanghai\/\" aria-label=\"Visit Wellman X-ray at productronica in Shanghai\"><\/a>\n\t<\/div>\n<\/div>\n<\/div>\n<\/li>\n\t\t\t\n\t\t\t\n\t\t\t\t\t\t\t\t\t\t\t\t\t\t\t\t\t\t\t\t\t\t\t\t\t\t\t\t\t\t\t\t\t\t\t\t\t\t\t\t\t\t\t\t\t\t\t\t\t\t\t\t\t\t\t\t\t\t\t\t\t\t\t\t\t\t\t\t<\/ul>\n\t<\/div>\n\t<div class=\"fusion-post-content post-content\"><h2 class=\"blog-shortcode-post-title entry-title\"><a href=\"https:\/\/wmxray.com\/vi\/visit-wellman-x-ray-at-productronica-in-shanghai\/\">Visit Wellman X-ray at productronica in Shanghai<\/a><\/h2><p class=\"fusion-single-line-meta\">By <span class=\"vcard\"><span class=\"fn\"><a href=\"https:\/\/wmxray.com\/vi\/author\/wellman\/\" title=\"\u0110\u0103ng b\u1edfi wellman\" rel=\"author\">ng\u01b0\u1eddi \u0111\u00e0n \u00f4ng t\u1ed1t<\/a><\/span><\/span><span class=\"fusion-inline-sep\">|<\/span><span class=\"updated\" style=\"display:none;\">2024-03-11T11:01:02+08:00<\/span><span>Th\u00e1ng 3 11th, 2024<\/span><span class=\"fusion-inline-sep\">|<\/span>Categories: <a href=\"https:\/\/wmxray.com\/vi\/category\/expo\/\" rel=\"category tag\">Tri\u1ec3n l\u00e3m<\/a><span class=\"fusion-inline-sep\">|<\/span><span class=\"fusion-comments\"><a href=\"https:\/\/wmxray.com\/vi\/visit-wellman-x-ray-at-productronica-in-shanghai\/#respond\">0 Comments<\/a><\/span><\/p><div class=\"fusion-post-content-container\"><p>Welcome for visiting 2024 PRODUCTRONICA SHANGHAI Date: Mar. 20 to [...]<\/p><\/div><\/div><div class=\"fusion-clearfix\"><\/div><div class=\"fusion-meta-info\"><div class=\"fusion-alignright\"><a class=\"fusion-read-more\" href=\"https:\/\/wmxray.com\/vi\/visit-wellman-x-ray-at-productronica-in-shanghai\/\" aria-label=\"More on Visit Wellman X-ray at productronica in Shanghai\">Read More<\/a><\/div><\/div><\/article>\n<article id=\"blog-1-post-2545\" class=\"fusion-post-medium-alternate post-2545 post type-post status-publish format-standard has-post-thumbnail hentry category-expo category-news\">\n<div class=\"fusion-date-and-formats\"><div class=\"fusion-date-box updated\"><span class=\"fusion-date\">3<\/span><span class=\"fusion-month-year\">08, 2020<\/span><\/div><div class=\"fusion-format-box\"><i class=\"awb-icon-pen\" aria-hidden=\"true\"><\/i><\/div><\/div>\t<style type=\"text\/css\">\n\t\t\n\t\t\n\t\t\n\t\t\n\t\t\t<\/style>\n\n\n\t\t\t<div class=\"fusion-flexslider flexslider fusion-flexslider-loading fusion-post-slideshow\" style=\"\">\n\t\t<ul class=\"slides\">\n\t\t\t\n\t\t\t\t\t\t\t\t\t\t\t\t\t\t<li><div  class=\"fusion-image-wrapper fusion-image-size-fixed\" aria-haspopup=\"true\">\n\t\t\t\t<img decoding=\"async\" width=\"320\" height=\"202\" src=\"https:\/\/wmxray.com\/wp-content\/uploads\/2020\/08\/\u56fe\u72471-320x202.png\" class=\"attachment-blog-medium size-blog-medium wp-post-image\" alt=\"EEIE Shenzhen international electronic equipment industry exposition\" srcset=\"https:\/\/wmxray.com\/wp-content\/uploads\/2020\/08\/\u56fe\u72471-320x202.png 320w, https:\/\/wmxray.com\/wp-content\/uploads\/2020\/08\/\u56fe\u72471-700x441.png 700w\" sizes=\"(max-width: 320px) 100vw, 320px\" \/><div class=\"fusion-rollover\">\n\t<div class=\"fusion-rollover-content\">\n\n\t\t\t\t\t\t\t\t\t\t\t\t\t\t<a class=\"fusion-rollover-link\" href=\"https:\/\/wmxray.com\/vi\/visit-wellman-x-ray-at-eeie-shenzhen-international-electronic-equipment-industry-exposition\/\">Visit Wellman X-ray at EEIE Shenzhen international electronic equipment industry exposition<\/a>\n\t\t\t\n\t\t\t\t\t\t\t\t\t\t\t\t\t\t\n\t\t\t\t\t\t\t\t\n\t\t\t\t\t\t\t\t\t\t\t\t\t<div class=\"fusion-rollover-sep\"><\/div>\n\t\t\t\t\n\t\t\t\t\t\t\t\t\t\t\t\t\t\t\t\t\t\t<a class=\"fusion-rollover-gallery\" href=\"https:\/\/wmxray.com\/wp-content\/uploads\/2020\/08\/\u56fe\u72471.png\" data-options=\"\" data-id=\"2545\" data-rel=\"iLightbox[gallery]\" data-title=\"EEIE Shenzhen international electronic equipment industry exposition\" data-caption=\"EEIE Shenzhen international electronic equipment industry exposition\">\n\t\t\t\t\t\tGallery\t\t\t\t\t<\/a>\n\t\t\t\t\t\t\t\t\t\t\t\t\t\t\n\t\t\n\t\t\t\t\t\t\t\t\t\t\t\t<h4 class=\"fusion-rollover-title\">\n\t\t\t\t\t<a class=\"fusion-rollover-title-link\" href=\"https:\/\/wmxray.com\/vi\/visit-wellman-x-ray-at-eeie-shenzhen-international-electronic-equipment-industry-exposition\/\">\n\t\t\t\t\t\tVisit Wellman X-ray at EEIE Shenzhen international electronic equipment industry exposition\t\t\t\t\t<\/a>\n\t\t\t\t<\/h4>\n\t\t\t\n\t\t\t\t\t\t\t\t\t\t<div class=\"fusion-rollover-categories\"><a href=\"https:\/\/wmxray.com\/vi\/category\/expo\/\" rel=\"tag\">Tri\u1ec3n l\u00e3m<\/a>, <a href=\"https:\/\/wmxray.com\/vi\/category\/news\/\" rel=\"tag\">Tin t\u1ee9c<\/a><\/div>\t\t\t\t\t\n\t\t\n\t\t\t\t\t\t<a class=\"fusion-link-wrapper\" href=\"https:\/\/wmxray.com\/vi\/visit-wellman-x-ray-at-eeie-shenzhen-international-electronic-equipment-industry-exposition\/\" aria-label=\"Visit Wellman X-ray at EEIE Shenzhen international electronic equipment industry exposition\"><\/a>\n\t<\/div>\n<\/div>\n<\/div>\n<\/li>\n\t\t\t\n\t\t\t\n\t\t\t\t\t\t\t\t\t\t\t\t\t\t\t\t\t\t\t\t\t\t\t\t\t\t\t\t\t\t\t\t\t\t\t\t\t\t\t\t\t\t\t\t\t\t\t\t\t\t\t\t\t\t\t\t\t\t\t\t\t\t\t\t\t\t\t\t<\/ul>\n\t<\/div>\n\t<div class=\"fusion-post-content post-content\"><h2 class=\"blog-shortcode-post-title entry-title\"><a href=\"https:\/\/wmxray.com\/vi\/visit-wellman-x-ray-at-eeie-shenzhen-international-electronic-equipment-industry-exposition\/\">Visit Wellman X-ray at EEIE Shenzhen international electronic equipment industry exposition<\/a><\/h2><p class=\"fusion-single-line-meta\">By <span class=\"vcard\"><span class=\"fn\"><a href=\"https:\/\/wmxray.com\/vi\/author\/wellman\/\" title=\"\u0110\u0103ng b\u1edfi wellman\" rel=\"author\">ng\u01b0\u1eddi \u0111\u00e0n \u00f4ng t\u1ed1t<\/a><\/span><\/span><span class=\"fusion-inline-sep\">|<\/span><span class=\"updated\" style=\"display:none;\">2023-11-08T11:37:18+08:00<\/span><span>Th\u00e1ng 8 3rd, 2020<\/span><span class=\"fusion-inline-sep\">|<\/span>Categories: <a href=\"https:\/\/wmxray.com\/vi\/category\/expo\/\" rel=\"category tag\">Tri\u1ec3n l\u00e3m<\/a>, <a href=\"https:\/\/wmxray.com\/vi\/category\/news\/\" rel=\"category tag\">Tin t\u1ee9c<\/a><span class=\"fusion-inline-sep\">|<\/span><span class=\"fusion-comments\"><a href=\"https:\/\/wmxray.com\/vi\/visit-wellman-x-ray-at-eeie-shenzhen-international-electronic-equipment-industry-exposition\/#respond\">0 Comments<\/a><\/span><\/p><div class=\"fusion-post-content-container\"><p>\u00a0  EEIE Shenzhen international electronic equipment industry exposition  [...]<\/p><\/div><\/div><div class=\"fusion-clearfix\"><\/div><div class=\"fusion-meta-info\"><div class=\"fusion-alignright\"><a class=\"fusion-read-more\" href=\"https:\/\/wmxray.com\/vi\/visit-wellman-x-ray-at-eeie-shenzhen-international-electronic-equipment-industry-exposition\/\" aria-label=\"More on Visit Wellman X-ray at EEIE Shenzhen international electronic equipment industry exposition\">Read More<\/a><\/div><\/div><\/article>\n<\/div><\/div><\/div><\/div><\/div><\/div>","protected":false},"excerpt":{"rendered":"","protected":false},"author":1,"featured_media":0,"parent":71,"menu_order":0,"comment_status":"closed","ping_status":"closed","template":"","meta":{"footnotes":""},"class_list":["post-2541","page","type-page","status-publish","hentry"],"yoast_head":"<!-- This site is optimized with the Yoast SEO plugin v26.6 - https:\/\/yoast.com\/wordpress\/plugins\/seo\/ -->\n<title>Expo - Wellman X-Ray<\/title>\n<meta name=\"robots\" content=\"index, follow, max-snippet:-1, max-image-preview:large, max-video-preview:-1\" \/>\n<link rel=\"canonical\" href=\"https:\/\/wmxray.com\/vi\/about\/expo\/\" \/>\n<meta property=\"og:locale\" content=\"vi_VN\" \/>\n<meta property=\"og:type\" content=\"article\" \/>\n<meta property=\"og:title\" content=\"Expo - Wellman X-Ray\" \/>\n<meta property=\"og:url\" content=\"https:\/\/wmxray.com\/vi\/about\/expo\/\" \/>\n<meta property=\"og:site_name\" content=\"Wellman X-Ray\" \/>\n<meta name=\"twitter:card\" content=\"summary_large_image\" \/>\n<meta name=\"twitter:label1\" content=\"\u01af\u1edbc t\u00ednh th\u1eddi gian \u0111\u1ecdc\" \/>\n\t<meta name=\"twitter:data1\" content=\"2 ph\u00fat\" \/>\n<script type=\"application\/ld+json\" class=\"yoast-schema-graph\">{\"@context\":\"https:\/\/schema.org\",\"@graph\":[{\"@type\":\"WebPage\",\"@id\":\"https:\/\/wmxray.com\/about\/expo\/\",\"url\":\"https:\/\/wmxray.com\/about\/expo\/\",\"name\":\"Expo - Wellman X-Ray\",\"isPartOf\":{\"@id\":\"https:\/\/wmxray.com\/#website\"},\"datePublished\":\"2020-08-03T04:23:19+00:00\",\"breadcrumb\":{\"@id\":\"https:\/\/wmxray.com\/about\/expo\/#breadcrumb\"},\"inLanguage\":\"vi\",\"potentialAction\":[{\"@type\":\"ReadAction\",\"target\":[\"https:\/\/wmxray.com\/about\/expo\/\"]}]},{\"@type\":\"BreadcrumbList\",\"@id\":\"https:\/\/wmxray.com\/about\/expo\/#breadcrumb\",\"itemListElement\":[{\"@type\":\"ListItem\",\"position\":1,\"name\":\"\u9996\u9875\",\"item\":\"https:\/\/wmxray.com\/\"},{\"@type\":\"ListItem\",\"position\":2,\"name\":\"About\",\"item\":\"https:\/\/wmxray.com\/about\/\"},{\"@type\":\"ListItem\",\"position\":3,\"name\":\"Expo\"}]},{\"@type\":\"WebSite\",\"@id\":\"https:\/\/wmxray.com\/#website\",\"url\":\"https:\/\/wmxray.com\/\",\"name\":\"Wellman X-Ray\",\"description\":\"Professional X-Ray Solution Provider\",\"publisher\":{\"@id\":\"https:\/\/wmxray.com\/#organization\"},\"potentialAction\":[{\"@type\":\"SearchAction\",\"target\":{\"@type\":\"EntryPoint\",\"urlTemplate\":\"https:\/\/wmxray.com\/?s={search_term_string}\"},\"query-input\":{\"@type\":\"PropertyValueSpecification\",\"valueRequired\":true,\"valueName\":\"search_term_string\"}}],\"inLanguage\":\"vi\"},{\"@type\":\"Organization\",\"@id\":\"https:\/\/wmxray.com\/#organization\",\"name\":\"Shenzhen Weiming Photoelectricity Co., Ltd\",\"url\":\"https:\/\/wmxray.com\/\",\"logo\":{\"@type\":\"ImageObject\",\"inLanguage\":\"vi\",\"@id\":\"https:\/\/wmxray.com\/#\/schema\/logo\/image\/\",\"url\":\"https:\/\/wmxray.com\/wp-content\/uploads\/2020\/03\/Logo1.png\",\"contentUrl\":\"https:\/\/wmxray.com\/wp-content\/uploads\/2020\/03\/Logo1.png\",\"width\":278,\"height\":84,\"caption\":\"Shenzhen Weiming Photoelectricity Co., Ltd\"},\"image\":{\"@id\":\"https:\/\/wmxray.com\/#\/schema\/logo\/image\/\"},\"sameAs\":[\"https:\/\/www.linkedin.com\/company\/wmxray\",\"https:\/\/www.youtube.com\/channel\/UCCrB2m9YhMUdL_Bxuvz_GaA\"]}]}<\/script>\n<!-- \/ Yoast SEO plugin. -->","yoast_head_json":{"title":"Expo - Wellman X-Ray","robots":{"index":"index","follow":"follow","max-snippet":"max-snippet:-1","max-image-preview":"max-image-preview:large","max-video-preview":"max-video-preview:-1"},"canonical":"https:\/\/wmxray.com\/vi\/about\/expo\/","og_locale":"vi_VN","og_type":"article","og_title":"Expo - Wellman X-Ray","og_url":"https:\/\/wmxray.com\/vi\/about\/expo\/","og_site_name":"Wellman X-Ray","twitter_card":"summary_large_image","twitter_misc":{"\u01af\u1edbc t\u00ednh th\u1eddi gian \u0111\u1ecdc":"2 ph\u00fat"},"schema":{"@context":"https:\/\/schema.org","@graph":[{"@type":"WebPage","@id":"https:\/\/wmxray.com\/about\/expo\/","url":"https:\/\/wmxray.com\/about\/expo\/","name":"Expo - Wellman X-Ray","isPartOf":{"@id":"https:\/\/wmxray.com\/#website"},"datePublished":"2020-08-03T04:23:19+00:00","breadcrumb":{"@id":"https:\/\/wmxray.com\/about\/expo\/#breadcrumb"},"inLanguage":"vi","potentialAction":[{"@type":"ReadAction","target":["https:\/\/wmxray.com\/about\/expo\/"]}]},{"@type":"BreadcrumbList","@id":"https:\/\/wmxray.com\/about\/expo\/#breadcrumb","itemListElement":[{"@type":"ListItem","position":1,"name":"\u9996\u9875","item":"https:\/\/wmxray.com\/"},{"@type":"ListItem","position":2,"name":"About","item":"https:\/\/wmxray.com\/about\/"},{"@type":"ListItem","position":3,"name":"Expo"}]},{"@type":"WebSite","@id":"https:\/\/wmxray.com\/#website","url":"https:\/\/wmxray.com\/","name":"Wellman X-Ray","description":"Professional X-Ray Solution Provider","publisher":{"@id":"https:\/\/wmxray.com\/#organization"},"potentialAction":[{"@type":"SearchAction","target":{"@type":"EntryPoint","urlTemplate":"https:\/\/wmxray.com\/?s={search_term_string}"},"query-input":{"@type":"PropertyValueSpecification","valueRequired":true,"valueName":"search_term_string"}}],"inLanguage":"vi"},{"@type":"Organization","@id":"https:\/\/wmxray.com\/#organization","name":"Shenzhen Weiming Photoelectricity Co., Ltd","url":"https:\/\/wmxray.com\/","logo":{"@type":"ImageObject","inLanguage":"vi","@id":"https:\/\/wmxray.com\/#\/schema\/logo\/image\/","url":"https:\/\/wmxray.com\/wp-content\/uploads\/2020\/03\/Logo1.png","contentUrl":"https:\/\/wmxray.com\/wp-content\/uploads\/2020\/03\/Logo1.png","width":278,"height":84,"caption":"Shenzhen Weiming Photoelectricity Co., Ltd"},"image":{"@id":"https:\/\/wmxray.com\/#\/schema\/logo\/image\/"},"sameAs":["https:\/\/www.linkedin.com\/company\/wmxray","https:\/\/www.youtube.com\/channel\/UCCrB2m9YhMUdL_Bxuvz_GaA"]}]}},"_links":{"self":[{"href":"https:\/\/wmxray.com\/vi\/wp-json\/wp\/v2\/pages\/2541","targetHints":{"allow":["GET"]}}],"collection":[{"href":"https:\/\/wmxray.com\/vi\/wp-json\/wp\/v2\/pages"}],"about":[{"href":"https:\/\/wmxray.com\/vi\/wp-json\/wp\/v2\/types\/page"}],"author":[{"embeddable":true,"href":"https:\/\/wmxray.com\/vi\/wp-json\/wp\/v2\/users\/1"}],"replies":[{"embeddable":true,"href":"https:\/\/wmxray.com\/vi\/wp-json\/wp\/v2\/comments?post=2541"}],"version-history":[{"count":3,"href":"https:\/\/wmxray.com\/vi\/wp-json\/wp\/v2\/pages\/2541\/revisions"}],"predecessor-version":[{"id":2551,"href":"https:\/\/wmxray.com\/vi\/wp-json\/wp\/v2\/pages\/2541\/revisions\/2551"}],"up":[{"embeddable":true,"href":"https:\/\/wmxray.com\/vi\/wp-json\/wp\/v2\/pages\/71"}],"wp:attachment":[{"href":"https:\/\/wmxray.com\/vi\/wp-json\/wp\/v2\/media?parent=2541"}],"curies":[{"name":"wp","href":"https:\/\/api.w.org\/{rel}","templated":true}]}}