{"id":1259,"date":"2019-11-30T22:29:01","date_gmt":"2019-11-30T14:29:01","guid":{"rendered":"http:\/\/www.wmxray.com\/?page_id=1259"},"modified":"2020-03-19T22:05:20","modified_gmt":"2020-03-19T14:05:20","slug":"x-ray-parts-counter","status":"publish","type":"page","link":"https:\/\/wmxray.com\/vi\/product\/x-ray-parts-counter\/","title":{"rendered":"M\u00e1y \u0111\u1ebfm linh ki\u1ec7n X-quang"},"content":{"rendered":"<div class=\"fusion-fullwidth fullwidth-box fusion-builder-row-1 nonhundred-percent-fullwidth non-hundred-percent-height-scrolling\" style=\"--awb-border-radius-top-left:0px;--awb-border-radius-top-right:0px;--awb-border-radius-bottom-right:0px;--awb-border-radius-bottom-left:0px;--awb-flex-wrap:wrap;\" ><div class=\"fusion-builder-row fusion-row\"><div class=\"fusion-layout-column fusion_builder_column fusion-builder-column-0 fusion_builder_column_1_1 1_1 fusion-one-full fusion-column-first fusion-column-last\" style=\"--awb-bg-size:cover;\"><div class=\"fusion-column-wrapper fusion-column-has-shadow fusion-flex-column-wrapper-legacy\"><style type=\"text\/css\">.fusion-portfolio-wrapper#fusion-portfolio-1 .fusion-portfolio-content{  text-align: center; }<\/style><div class=\"fusion-recent-works fusion-portfolio-element fusion-portfolio fusion-portfolio-1 fusion-portfolio-grid fusion-portfolio-paging-pagination fusion-portfolio-three fusion-portfolio-unboxed fusion-portfolio-text fusion-portfolio-equal-heights fusion-portfolio-rollover\" data-id=\"-rw-1\" data-columns=\"three\"><div><ul class=\"fusion-filters\" role=\"menu\" aria-label=\"Portfolio Filters\"><li role=\"presentation\" class=\"fusion-filter fusion-hidden fusion-active\"><a href=\"#\" data-filter=\".x-ray-parts-counter\" role=\"menuitem\">M\u00e1y \u0111\u1ebfm linh ki\u1ec7n X-quang<\/a><\/li><\/ul><\/div><style type=\"text\/css\">.fusion-portfolio-1 .fusion-portfolio-wrapper .fusion-col-spacing{padding:10px;}<\/style><div class=\"fusion-portfolio-wrapper\" id=\"fusion-portfolio-1\" data-picturesize=\"auto\" data-pages=\"1\" style=\"margin:-10px;\"><article id=\"portfolio-1-post-2614\" class=\"fusion-portfolio-post x-ray-parts-counter fusion-col-spacing post-2614\"><div class=\"fusion-portfolio-content-wrapper\" style=\"border:none;\"><span class=\"vcard rich-snippet-hidden\"><span class=\"fn\"><a href=\"https:\/\/wmxray.com\/vi\/author\/wellman\/\" title=\"\u0110\u0103ng b\u1edfi wellman\" rel=\"author\">ng\u01b0\u1eddi \u0111\u00e0n \u00f4ng t\u1ed1t<\/a><\/span><\/span><span class=\"updated rich-snippet-hidden\">2023-03-29T16:19:28+08:00<\/span><div  class=\"fusion-image-wrapper\" aria-haspopup=\"true\">\n\t\t\t\t<img decoding=\"async\" width=\"800\" height=\"800\" src=\"https:\/\/wmxray.com\/wp-content\/uploads\/2023\/03\/IL-1000-1.png\" class=\"attachment-full size-full wp-post-image\" alt=\"On-line full automatic X-ray parts counter IL-1000\" srcset=\"https:\/\/wmxray.com\/wp-content\/uploads\/2023\/03\/IL-1000-1-200x200.png 200w, https:\/\/wmxray.com\/wp-content\/uploads\/2023\/03\/IL-1000-1-400x400.png 400w, https:\/\/wmxray.com\/wp-content\/uploads\/2023\/03\/IL-1000-1-600x600.png 600w, https:\/\/wmxray.com\/wp-content\/uploads\/2023\/03\/IL-1000-1.png 800w\" sizes=\"(min-width: 2200px) 100vw, (min-width: 784px) 353px, (min-width: 712px) 530px, (min-width: 640px) 712px, \" \/><div class=\"fusion-rollover\">\n\t<div class=\"fusion-rollover-content\">\n\n\t\t\t\t\t\t\t\t\t\t\t\t\t\t<a class=\"fusion-rollover-link\" href=\"https:\/\/wmxray.com\/vi\/product-view\/in-line-x-ray-parts-counter-il-1000\/?portfolioCats=7\" target=\"_blank\">M\u00e1y \u0111\u1ebfm linh ki\u1ec7n X-ray t\u00edch h\u1ee3p IL-1000<\/a>\n\t\t\t\n\t\t\t\t\t\t\t\t\t\t\t\t\t\t\n\t\t\t\t\t\t\t\t\n\t\t\t\t\t\t\t\t\t\t\t\t\t<div class=\"fusion-rollover-sep\"><\/div>\n\t\t\t\t\n\t\t\t\t\t\t\t\t\t\t\t\t\t\t\t\t\t\t<a class=\"fusion-rollover-gallery\" href=\"https:\/\/wmxray.com\/wp-content\/uploads\/2023\/03\/IL-1000-1.png\" data-options=\"\" data-id=\"2614\" data-rel=\"iLightbox[gallery-rw-1]\" data-title=\"On-line full automatic X-ray parts counter IL-1000\" data-caption=\"On-line full automatic X-ray parts counter IL-1000\">\n\t\t\t\t\t\tGallery\t\t\t\t\t<\/a>\n\t\t\t\t\t\t\t\t\t\t\t\t\t\t\n\t\t\n\t\t\t\t\t\t\t\t\t\t\t\t<h4 class=\"fusion-rollover-title\">\n\t\t\t\t\t<a class=\"fusion-rollover-title-link\" href=\"https:\/\/wmxray.com\/vi\/product-view\/in-line-x-ray-parts-counter-il-1000\/?portfolioCats=7\" target=\"_blank\">\n\t\t\t\t\t\tM\u00e1y \u0111\u1ebfm linh ki\u1ec7n X-ray t\u00edch h\u1ee3p IL-1000\t\t\t\t\t<\/a>\n\t\t\t\t<\/h4>\n\t\t\t\n\t\t\t\t\t\t\t\t\t\t<div class=\"fusion-rollover-categories\"><a href=\"https:\/\/wmxray.com\/vi\/portfolio_category\/x-ray-parts-counter\/\" rel=\"tag\">M\u00e1y \u0111\u1ebfm linh ki\u1ec7n X-quang<\/a><\/div>\t\t\t\t\t\n\t\t\n\t\t\t\t\t\t<a class=\"fusion-link-wrapper\" href=\"https:\/\/wmxray.com\/vi\/product-view\/in-line-x-ray-parts-counter-il-1000\/?portfolioCats=7\" target=\"_blank\" aria-label=\"M\u00e1y \u0111\u1ebfm linh ki\u1ec7n X-ray t\u00edch h\u1ee3p IL-1000\"><\/a>\n\t<\/div>\n<\/div>\n<\/div>\n<div class=\"fusion-portfolio-content\"><h2 class=\"entry-title fusion-post-title\"><a href=\"https:\/\/wmxray.com\/vi\/product-view\/in-line-x-ray-parts-counter-il-1000\/?portfolioCats=7\" target=\"_blank\" rel=\"noopener noreferrer\">M\u00e1y \u0111\u1ebfm linh ki\u1ec7n X-ray t\u00edch h\u1ee3p IL-1000<\/a><\/h2><div class=\"fusion-post-content\"><\/div><\/div><\/div><\/article><article id=\"portfolio-1-post-1210\" class=\"fusion-portfolio-post x-ray-parts-counter fusion-col-spacing post-1210\"><div class=\"fusion-portfolio-content-wrapper\" style=\"border:none;\"><span class=\"vcard rich-snippet-hidden\"><span class=\"fn\"><a href=\"https:\/\/wmxray.com\/vi\/author\/wellman\/\" title=\"\u0110\u0103ng b\u1edfi wellman\" rel=\"author\">ng\u01b0\u1eddi \u0111\u00e0n \u00f4ng t\u1ed1t<\/a><\/span><\/span><span class=\"updated rich-snippet-hidden\">2023-12-08T15:38:49+08:00<\/span><div  class=\"fusion-image-wrapper\" aria-haspopup=\"true\">\n\t\t\t\t<img decoding=\"async\" width=\"800\" height=\"800\" src=\"https:\/\/wmxray.com\/wp-content\/uploads\/2023\/12\/10418_4c8a5c62377d55045a426697f188289d.png\" class=\"attachment-full size-full wp-post-image\" alt=\"XC-01\" srcset=\"https:\/\/wmxray.com\/wp-content\/uploads\/2023\/12\/10418_4c8a5c62377d55045a426697f188289d-200x200.png 200w, https:\/\/wmxray.com\/wp-content\/uploads\/2023\/12\/10418_4c8a5c62377d55045a426697f188289d-400x400.png 400w, https:\/\/wmxray.com\/wp-content\/uploads\/2023\/12\/10418_4c8a5c62377d55045a426697f188289d-600x600.png 600w, https:\/\/wmxray.com\/wp-content\/uploads\/2023\/12\/10418_4c8a5c62377d55045a426697f188289d.png 800w\" sizes=\"(min-width: 2200px) 100vw, (min-width: 784px) 353px, (min-width: 712px) 530px, (min-width: 640px) 712px, \" \/><div class=\"fusion-rollover\">\n\t<div class=\"fusion-rollover-content\">\n\n\t\t\t\t\t\t\t\t\t\t\t\t\t\t<a class=\"fusion-rollover-link\" href=\"https:\/\/wmxray.com\/vi\/product-view\/x-ray-parts-counter-xc-01\/?portfolioCats=7\" target=\"_blank\">M\u00e1y \u0111\u1ebfm linh ki\u1ec7n X-quang XC-01<\/a>\n\t\t\t\n\t\t\t\t\t\t\t\t\t\t\t\t\t\t\n\t\t\t\t\t\t\t\t\n\t\t\t\t\t\t\t\t\t\t\t\t\t<div class=\"fusion-rollover-sep\"><\/div>\n\t\t\t\t\n\t\t\t\t\t\t\t\t\t\t\t\t\t\t\t\t\t\t<a class=\"fusion-rollover-gallery\" href=\"https:\/\/wmxray.com\/wp-content\/uploads\/2023\/12\/10418_4c8a5c62377d55045a426697f188289d.png\" data-options=\"\" data-id=\"1210\" data-rel=\"iLightbox[gallery-rw-1]\" data-title=\"XC-01\" data-caption=\"XC-01\">\n\t\t\t\t\t\tGallery\t\t\t\t\t<\/a>\n\t\t\t\t\t\t\t\t\t\t\t\t\t\t\n\t\t\n\t\t\t\t\t\t\t\t\t\t\t\t<h4 class=\"fusion-rollover-title\">\n\t\t\t\t\t<a class=\"fusion-rollover-title-link\" href=\"https:\/\/wmxray.com\/vi\/product-view\/x-ray-parts-counter-xc-01\/?portfolioCats=7\" target=\"_blank\">\n\t\t\t\t\t\tM\u00e1y \u0111\u1ebfm linh ki\u1ec7n X-quang XC-01\t\t\t\t\t<\/a>\n\t\t\t\t<\/h4>\n\t\t\t\n\t\t\t\t\t\t\t\t\t\t<div class=\"fusion-rollover-categories\"><a href=\"https:\/\/wmxray.com\/vi\/portfolio_category\/x-ray-parts-counter\/\" rel=\"tag\">M\u00e1y \u0111\u1ebfm linh ki\u1ec7n X-quang<\/a><\/div>\t\t\t\t\t\n\t\t\n\t\t\t\t\t\t<a class=\"fusion-link-wrapper\" href=\"https:\/\/wmxray.com\/vi\/product-view\/x-ray-parts-counter-xc-01\/?portfolioCats=7\" target=\"_blank\" aria-label=\"M\u00e1y \u0111\u1ebfm linh ki\u1ec7n X-quang XC-01\"><\/a>\n\t<\/div>\n<\/div>\n<\/div>\n<div class=\"fusion-portfolio-content\"><h2 class=\"entry-title fusion-post-title\"><a href=\"https:\/\/wmxray.com\/vi\/product-view\/x-ray-parts-counter-xc-01\/?portfolioCats=7\" target=\"_blank\" rel=\"noopener noreferrer\">M\u00e1y \u0111\u1ebfm linh ki\u1ec7n X-quang XC-01<\/a><\/h2><div class=\"fusion-post-content\"><\/div><\/div><\/div><\/article><\/div><\/div><div class=\"fusion-clearfix\"><\/div><\/div><\/div><\/div><\/div>","protected":false},"excerpt":{"rendered":"","protected":false},"author":1,"featured_media":0,"parent":1265,"menu_order":0,"comment_status":"closed","ping_status":"closed","template":"","meta":{"footnotes":""},"class_list":["post-1259","page","type-page","status-publish","hentry"],"yoast_head":"<!-- This site is optimized with the Yoast SEO plugin v26.6 - https:\/\/yoast.com\/wordpress\/plugins\/seo\/ -->\n<title>X-ray parts counter - Wellman X-Ray<\/title>\n<meta name=\"robots\" content=\"index, follow, max-snippet:-1, max-image-preview:large, max-video-preview:-1\" \/>\n<link rel=\"canonical\" href=\"https:\/\/wmxray.com\/vi\/product\/x-ray-parts-counter\/\" \/>\n<meta property=\"og:locale\" content=\"vi_VN\" \/>\n<meta property=\"og:type\" content=\"article\" \/>\n<meta property=\"og:title\" content=\"X-ray parts counter - Wellman X-Ray\" \/>\n<meta property=\"og:url\" content=\"https:\/\/wmxray.com\/vi\/product\/x-ray-parts-counter\/\" \/>\n<meta property=\"og:site_name\" content=\"Wellman X-Ray\" \/>\n<meta property=\"article:modified_time\" content=\"2020-03-19T14:05:20+00:00\" \/>\n<meta name=\"twitter:card\" content=\"summary_large_image\" \/>\n<meta name=\"twitter:label1\" content=\"\u01af\u1edbc t\u00ednh th\u1eddi gian \u0111\u1ecdc\" \/>\n\t<meta name=\"twitter:data1\" content=\"2 ph\u00fat\" \/>\n<script type=\"application\/ld+json\" class=\"yoast-schema-graph\">{\"@context\":\"https:\/\/schema.org\",\"@graph\":[{\"@type\":\"WebPage\",\"@id\":\"https:\/\/wmxray.com\/product\/x-ray-parts-counter\/\",\"url\":\"https:\/\/wmxray.com\/product\/x-ray-parts-counter\/\",\"name\":\"X-ray parts counter - Wellman X-Ray\",\"isPartOf\":{\"@id\":\"https:\/\/wmxray.com\/#website\"},\"datePublished\":\"2019-11-30T14:29:01+00:00\",\"dateModified\":\"2020-03-19T14:05:20+00:00\",\"breadcrumb\":{\"@id\":\"https:\/\/wmxray.com\/product\/x-ray-parts-counter\/#breadcrumb\"},\"inLanguage\":\"vi\",\"potentialAction\":[{\"@type\":\"ReadAction\",\"target\":[\"https:\/\/wmxray.com\/product\/x-ray-parts-counter\/\"]}]},{\"@type\":\"BreadcrumbList\",\"@id\":\"https:\/\/wmxray.com\/product\/x-ray-parts-counter\/#breadcrumb\",\"itemListElement\":[{\"@type\":\"ListItem\",\"position\":1,\"name\":\"\u9996\u9875\",\"item\":\"https:\/\/wmxray.com\/\"},{\"@type\":\"ListItem\",\"position\":2,\"name\":\"Product\",\"item\":\"https:\/\/wmxray.com\/product\/\"},{\"@type\":\"ListItem\",\"position\":3,\"name\":\"X-ray parts counter\"}]},{\"@type\":\"WebSite\",\"@id\":\"https:\/\/wmxray.com\/#website\",\"url\":\"https:\/\/wmxray.com\/\",\"name\":\"Wellman X-Ray\",\"description\":\"Professional X-Ray Solution Provider\",\"publisher\":{\"@id\":\"https:\/\/wmxray.com\/#organization\"},\"potentialAction\":[{\"@type\":\"SearchAction\",\"target\":{\"@type\":\"EntryPoint\",\"urlTemplate\":\"https:\/\/wmxray.com\/?s={search_term_string}\"},\"query-input\":{\"@type\":\"PropertyValueSpecification\",\"valueRequired\":true,\"valueName\":\"search_term_string\"}}],\"inLanguage\":\"vi\"},{\"@type\":\"Organization\",\"@id\":\"https:\/\/wmxray.com\/#organization\",\"name\":\"Shenzhen Weiming Photoelectricity Co., Ltd\",\"url\":\"https:\/\/wmxray.com\/\",\"logo\":{\"@type\":\"ImageObject\",\"inLanguage\":\"vi\",\"@id\":\"https:\/\/wmxray.com\/#\/schema\/logo\/image\/\",\"url\":\"https:\/\/wmxray.com\/wp-content\/uploads\/2020\/03\/Logo1.png\",\"contentUrl\":\"https:\/\/wmxray.com\/wp-content\/uploads\/2020\/03\/Logo1.png\",\"width\":278,\"height\":84,\"caption\":\"Shenzhen Weiming Photoelectricity Co., Ltd\"},\"image\":{\"@id\":\"https:\/\/wmxray.com\/#\/schema\/logo\/image\/\"},\"sameAs\":[\"https:\/\/www.linkedin.com\/company\/wmxray\",\"https:\/\/www.youtube.com\/channel\/UCCrB2m9YhMUdL_Bxuvz_GaA\"]}]}<\/script>\n<!-- \/ Yoast SEO plugin. -->","yoast_head_json":{"title":"X-ray parts counter - Wellman X-Ray","robots":{"index":"index","follow":"follow","max-snippet":"max-snippet:-1","max-image-preview":"max-image-preview:large","max-video-preview":"max-video-preview:-1"},"canonical":"https:\/\/wmxray.com\/vi\/product\/x-ray-parts-counter\/","og_locale":"vi_VN","og_type":"article","og_title":"X-ray parts counter - Wellman X-Ray","og_url":"https:\/\/wmxray.com\/vi\/product\/x-ray-parts-counter\/","og_site_name":"Wellman X-Ray","article_modified_time":"2020-03-19T14:05:20+00:00","twitter_card":"summary_large_image","twitter_misc":{"\u01af\u1edbc t\u00ednh th\u1eddi gian \u0111\u1ecdc":"2 ph\u00fat"},"schema":{"@context":"https:\/\/schema.org","@graph":[{"@type":"WebPage","@id":"https:\/\/wmxray.com\/product\/x-ray-parts-counter\/","url":"https:\/\/wmxray.com\/product\/x-ray-parts-counter\/","name":"X-ray parts counter - Wellman X-Ray","isPartOf":{"@id":"https:\/\/wmxray.com\/#website"},"datePublished":"2019-11-30T14:29:01+00:00","dateModified":"2020-03-19T14:05:20+00:00","breadcrumb":{"@id":"https:\/\/wmxray.com\/product\/x-ray-parts-counter\/#breadcrumb"},"inLanguage":"vi","potentialAction":[{"@type":"ReadAction","target":["https:\/\/wmxray.com\/product\/x-ray-parts-counter\/"]}]},{"@type":"BreadcrumbList","@id":"https:\/\/wmxray.com\/product\/x-ray-parts-counter\/#breadcrumb","itemListElement":[{"@type":"ListItem","position":1,"name":"\u9996\u9875","item":"https:\/\/wmxray.com\/"},{"@type":"ListItem","position":2,"name":"Product","item":"https:\/\/wmxray.com\/product\/"},{"@type":"ListItem","position":3,"name":"X-ray parts counter"}]},{"@type":"WebSite","@id":"https:\/\/wmxray.com\/#website","url":"https:\/\/wmxray.com\/","name":"Wellman X-Ray","description":"Professional X-Ray Solution Provider","publisher":{"@id":"https:\/\/wmxray.com\/#organization"},"potentialAction":[{"@type":"SearchAction","target":{"@type":"EntryPoint","urlTemplate":"https:\/\/wmxray.com\/?s={search_term_string}"},"query-input":{"@type":"PropertyValueSpecification","valueRequired":true,"valueName":"search_term_string"}}],"inLanguage":"vi"},{"@type":"Organization","@id":"https:\/\/wmxray.com\/#organization","name":"Shenzhen Weiming Photoelectricity Co., Ltd","url":"https:\/\/wmxray.com\/","logo":{"@type":"ImageObject","inLanguage":"vi","@id":"https:\/\/wmxray.com\/#\/schema\/logo\/image\/","url":"https:\/\/wmxray.com\/wp-content\/uploads\/2020\/03\/Logo1.png","contentUrl":"https:\/\/wmxray.com\/wp-content\/uploads\/2020\/03\/Logo1.png","width":278,"height":84,"caption":"Shenzhen Weiming Photoelectricity Co., Ltd"},"image":{"@id":"https:\/\/wmxray.com\/#\/schema\/logo\/image\/"},"sameAs":["https:\/\/www.linkedin.com\/company\/wmxray","https:\/\/www.youtube.com\/channel\/UCCrB2m9YhMUdL_Bxuvz_GaA"]}]}},"_links":{"self":[{"href":"https:\/\/wmxray.com\/vi\/wp-json\/wp\/v2\/pages\/1259","targetHints":{"allow":["GET"]}}],"collection":[{"href":"https:\/\/wmxray.com\/vi\/wp-json\/wp\/v2\/pages"}],"about":[{"href":"https:\/\/wmxray.com\/vi\/wp-json\/wp\/v2\/types\/page"}],"author":[{"embeddable":true,"href":"https:\/\/wmxray.com\/vi\/wp-json\/wp\/v2\/users\/1"}],"replies":[{"embeddable":true,"href":"https:\/\/wmxray.com\/vi\/wp-json\/wp\/v2\/comments?post=1259"}],"version-history":[{"count":4,"href":"https:\/\/wmxray.com\/vi\/wp-json\/wp\/v2\/pages\/1259\/revisions"}],"predecessor-version":[{"id":2347,"href":"https:\/\/wmxray.com\/vi\/wp-json\/wp\/v2\/pages\/1259\/revisions\/2347"}],"up":[{"embeddable":true,"href":"https:\/\/wmxray.com\/vi\/wp-json\/wp\/v2\/pages\/1265"}],"wp:attachment":[{"href":"https:\/\/wmxray.com\/vi\/wp-json\/wp\/v2\/media?parent=1259"}],"curies":[{"name":"wp","href":"https:\/\/api.w.org\/{rel}","templated":true}]}}